{"id":490,"date":"2020-04-17T16:13:07","date_gmt":"2020-04-17T14:13:07","guid":{"rendered":"http:\/\/vmilab.ci-com.fr\/?page_id=490"},"modified":"2025-07-17T11:36:32","modified_gmt":"2025-07-17T09:36:32","slug":"legal-notice","status":"publish","type":"page","link":"https:\/\/mylabmixer.com\/en\/legal-notice\/","title":{"rendered":"LEGAL NOTICE"},"content":{"rendered":"\n<div class=\"wp-block-group\"><div class=\"wp-block-group__inner-container is-layout-flow wp-block-group-is-layout-flow\">\n<h4 class=\"wp-block-heading\"><strong>IDENTIFICATION OF THE COMPANY<\/strong><\/h4>\n\n\n\n<h3 class=\"wp-block-heading\"><strong>VMI<\/strong><\/h3>\n\n\n\n<p>Registered office: P.A. Les Marches de Bretagne \u2013 70 rue Anne de Bretagne, Saint-Hilaire-de-Loulay \u2013 85600 Montaigu-Vend\u00e9e &#8211; France<br>Telephone&nbsp;: +33 (0)2 51 45 35 35<\/p>\n\n\n\n<p>Legal status: SAS<br>Corporatate ID&nbsp;No.:&nbsp; 546 050 246 B La Roche-sur-Yon<br>APE&nbsp;Code: 2893Z<br>Registered capital: \u20ac816 400<br>Publishing Director: Olivier Guyon<\/p>\n\n\n\n<p><\/p>\n\n\n\n<h4 class=\"wp-block-heading\"><strong>WEB DESIGN \/ DEVELOPMENT<\/strong><\/h4>\n\n\n\n<p>ADDICTIC\u00a0<br>Raison sociale DG SUPPORT\u00a0<br>Capital social : 8 000 \u20ac\u00a0<br>RCS Tours B 498 295 039\u00a0<br>Adresse : 40 rue de l\u2019a\u00e9roport 37100 Tours\u00a0<br>T\u00e9l\u00e9phone : 02 47 36 90 61\u00a0<br>Site web : https:\/\/addictic.fr<\/p>\n\n\n\n<h4 class=\"wp-block-heading\"><strong>WEBSITE HOSTING<\/strong><\/h4>\n\n\n\n<p>ADDICTIC \u00e0 partir de la plateforme Infomaniak<br>Infomaniak Network SA<br>Si\u00e8ge social : Rue Eug\u00e8ne Marziano 25 \u2013 1227 Les Acacias Gen\u00e8ve, Suisse<\/p>\n\n\n\n<h4 class=\"wp-block-heading\"><strong>PERSONAL INFORMATION<\/strong><\/h4>\n\n\n\n<p>You have the right to access, modify, rectify and delete any data concerning you. (article 34 of the so-called \u201cInformatique et Libert\u00e9s\u201d act of 6 January 1978). To exercise this right, contact: Contact details of the customer. In compliance with Act 78-17 dated 06\/01\/1978 relating to&nbsp; IT, personal data and freedom, this website has been declared with CNIL, the French personal data agency. The VMI Company may confidentially archive the customers\u2019 personal data for purposes of proof.<\/p>\n\n\n\n<p>Access to the&nbsp;<a href=\"https:\/\/mylabmixer.com\/en\/\">mylabmixer.com<\/a>&nbsp;Website as well as the use of its contents are subjected to the terms of use described below. Accessing and browsing the&nbsp;<a href=\"https:\/\/mylabmixer.com\/en\/\">mylabmixer.com<\/a>&nbsp;Website constitutes unreserved consent to the following provisions:<\/p>\n\n\n\n<h4 class=\"wp-block-heading\"><strong>INTELLECTUAL PROPERTY<\/strong><\/h4>\n\n\n\n<p>The website is the exclusive property of the VMI company, solely entitled to use the intellectual rights and personality rights linked to this website, including trademarks, designs and models, author and image rights, as inherent title or as a result of a transfer or licensing. The use of all or part of the&nbsp;<a href=\"https:\/\/mylabmixer.com\/en\/\">mylabmixer.com<\/a>&nbsp;Website including by downloading, reproduction, transmission or representation for purposes other than personal and private use for non-commercial purposes is strictly forbidden.<\/p>\n\n\n\n<h4 class=\"wp-block-heading\"><strong>PHOTOS AND DATA<\/strong><\/h4>\n\n\n\n<p>The photos and data contained in this website are for information only.<\/p>\n\n\n\n<h4 class=\"wp-block-heading\"><strong>HYPERLINKS TO OTHER WEBSITES<\/strong><\/h4>\n\n\n\n<p>Hyperlinks to the Website may only be created with the prior written consent of the VMI company, which can be revoked at any time. The VMI Company accepts no responsibility with regard to the contents of the websites connected to the Website.PERSONAL DATA PROTECTION<\/p>\n\n\n\n<p>Here find information about the processing of your personal data when using our website.<\/p>\n\n\n\n<p>The data controller&nbsp;<strong>is VMI \u2013 Marketing Department \u2013 Customer Contact Information \u2013 70 rue Anne de Bretagne, PA Les marches de Bretagne, 85600 Montaigu-Vend\u00e9e, France<\/strong>, <a href=\"mailto:communication@vmi.fr\">communication@vmi.fr<\/a>. A data controller, within the meaning of the General Data Protection Regulation (GDPR), is \u201cthe natural or legal person, public authority, agency or other body which, alone or jointly with others, determines the purposes and means of the processing of personal data\u201d (Article 4 Paragraph 7).<\/p>\n\n\n\n<h4 class=\"wp-block-heading\">DATA COLLECTED<\/h4>\n\n\n\n<p>Viewing our website does not require any authentication or communication of personal data.<\/p>\n\n\n\n<p>The only personal data collected are those that you provide us with when contacting us, in particular by using the contact form, the quote request form, or when placing an order. We ask for your name, the name of your company, your address, your field of activity, your telephone number and e-mail address, the nature of your request, the type of products that interest you among those we offer.<\/p>\n\n\n\n<h4 class=\"wp-block-heading\">DATA USAGE<\/h4>\n\n\n\n<p>Upon contacting us, data is collected for the sole purpose of establishing a commercial and professional relationship with you. Such data is only used to respond to your requests.<\/p>\n\n\n\n<p>In the contact, quote request and order forms, checking the box \u201cI acknowledge that I have read the privacy statement *\u201d implies your agreement.&nbsp; Under no circumstances will your data be transmitted to a third party company without your consent, unless we are required to do so for legal reasons as a matter of course.<\/p>\n\n\n\n<p>On the contact and order forms, ticking the box \u201cI acknowledge that I have read the declaration on the protection of personal data*\u201d shall be understood as acceptance on your part. Under no circumstances shall your data be provided to a third-party company without your consent, unless we are obliged to do so on imperative legal grounds.<\/p>\n\n\n\n<h4 class=\"wp-block-heading\"><strong>Matomo<\/strong><\/h4>\n\n\n\n<p>You may choose not to have a unique web analytics cookie identification number assigned to your computer to avoid the aggregation and analysis of data collected on this website. To make that choice, please click below to receive an opt-out cookie.<\/p>\n\n\n\n\n\n<h4 class=\"wp-block-heading\">YOUR RIGHTS<\/h4>\n\n\n\n<p>At any time, you have a right of access, of rectification and of erasure of your personal data as well as the right to object to the use of your personal data by sending an e-mail to&nbsp;<a href=\"mailto:communication@vmi.fr\">communication@vmi.fr<\/a>&nbsp;or by sending a letter to&nbsp;<strong>VMI \u2013 Marketing Department \u2013 Customer Contact Information \u2013 70 rue Anne de Bretagne, PA Les marches de Bretagne, 85600 MONTAIGU VENDE\u00c9E, FRANCE<\/strong>. You may also set out directives relating to the \u201cpost-mortem\u201d storing, erasure and disclosure of your personal data by contacting us at said address.<\/p>\n\n\n\n<h4 class=\"wp-block-heading\"><strong>Cookies<\/strong><\/h4>\n\n\n\n<p>In application of the provisions of directive 2002\/58\/EC, VMI uses cookies for personal identification purposes.<br>These cookies will be stored on the user\u2019s computer for five (5) years, unless deleted. Any user can refuse these cookies by clicking on the \u201cdelete cookies\u201d button and the web\/tab options: confidentiality knowing that this may limit the use of the Website. A cookie cannot be used to identify you. Generally speaking, it records information relating to the browsing of your computer on our website (the pages you have browsed, the date and time of browsing, etc.) that we may read when you come back later.<\/p>\n\n\n\n<p><a href=\"https:\/\/mylabmixer.com\/en\/cookies\/\">Learn more about cookies<\/a><\/p>\n\n\n\n<h4 class=\"wp-block-heading\"><strong>VMI\u2019s LIABILITY<\/strong><\/h4>\n\n\n\n<p>Under the conditions authorized by law, the VMI company cannot be held liable for:<br>for any imprecision, misstatement, omission or any damage resulting from the intrusion of a third party leading to a modification in the information made available on the Website, in the event of damage caused by the access of an unauthorized third party to the&nbsp;<a href=\"https:\/\/mylabmixer.com\/en\/\">mylabmixer.com<\/a>&nbsp;Website or making access impossible. Visitors are informed that access to the website may be interrupted at any time by the VMI company for maintenance, security or any other technical reason.<\/p>\n\n\n\n<h4 class=\"wp-block-heading\"><strong>APPLICABLE LAW<\/strong><\/h4>\n\n\n\n<p>These terms and conditions are governed by French law. The French courts have exclusive competence for all litigation directly or indirectly related to the access to, or the use of, this Website. The original version of these terms and conditions was written in French. Should any difference in interpretation or inconsistency arise, the French version shall prevail.<\/p>\n<\/div><\/div>\n","protected":false},"excerpt":{"rendered":"<p>IDENTIFICATION OF THE COMPANY VMI Registered office: P.A. Les Marches de Bretagne \u2013 70 rue Anne de Bretagne, Saint-Hilaire-de-Loulay \u2013 85600 Montaigu-Vend\u00e9e &#8211; FranceTelephone&nbsp;: +33 (0)2 51 45 35 35 Legal status: SASCorporatate ID&nbsp;No.:&nbsp; 546 050 246 B La Roche-sur-YonAPE&nbsp;Code: 2893ZRegistered capital: \u20ac816 400Publishing Director: Olivier Guyon WEB DESIGN \/ DEVELOPMENT ADDICTIC\u00a0Raison sociale DG SUPPORT\u00a0Capital [&hellip;]<\/p>\n","protected":false},"author":1,"featured_media":0,"parent":0,"menu_order":10,"comment_status":"closed","ping_status":"closed","template":"template-fullwidth.php","meta":{"footnotes":""},"class_list":["post-490","page","type-page","status-publish","hentry"],"yoast_head":"<!-- This site is optimized with the Yoast SEO plugin v25.5 - https:\/\/yoast.com\/wordpress\/plugins\/seo\/ -->\n<title>LEGAL NOTICE - MylabMIXER<\/title>\n<meta name=\"robots\" content=\"index, follow, max-snippet:-1, max-image-preview:large, max-video-preview:-1\" \/>\n<link rel=\"canonical\" href=\"https:\/\/mylabmixer.com\/en\/legal-notice\/\" \/>\n<meta property=\"og:locale\" content=\"en_US\" \/>\n<meta property=\"og:type\" content=\"article\" \/>\n<meta property=\"og:title\" content=\"LEGAL NOTICE - MylabMIXER\" \/>\n<meta property=\"og:description\" content=\"IDENTIFICATION OF THE COMPANY VMI Registered office: P.A. Les Marches de Bretagne \u2013 70 rue Anne de Bretagne, Saint-Hilaire-de-Loulay \u2013 85600 Montaigu-Vend\u00e9e &#8211; FranceTelephone&nbsp;: +33 (0)2 51 45 35 35 Legal status: SASCorporatate ID&nbsp;No.:&nbsp; 546 050 246 B La Roche-sur-YonAPE&nbsp;Code: 2893ZRegistered capital: \u20ac816 400Publishing Director: Olivier Guyon WEB DESIGN \/ DEVELOPMENT ADDICTIC\u00a0Raison sociale DG SUPPORT\u00a0Capital [&hellip;]\" \/>\n<meta property=\"og:url\" content=\"https:\/\/mylabmixer.com\/en\/legal-notice\/\" \/>\n<meta property=\"og:site_name\" content=\"MylabMIXER\" \/>\n<meta property=\"article:modified_time\" content=\"2025-07-17T09:36:32+00:00\" \/>\n<meta name=\"twitter:card\" content=\"summary_large_image\" \/>\n<meta name=\"twitter:label1\" content=\"Est. reading time\" \/>\n\t<meta name=\"twitter:data1\" content=\"6 minutes\" \/>\n<script type=\"application\/ld+json\" class=\"yoast-schema-graph\">{\"@context\":\"https:\/\/schema.org\",\"@graph\":[{\"@type\":\"WebPage\",\"@id\":\"https:\/\/mylabmixer.com\/en\/legal-notice\/\",\"url\":\"https:\/\/mylabmixer.com\/en\/legal-notice\/\",\"name\":\"LEGAL NOTICE - MylabMIXER\",\"isPartOf\":{\"@id\":\"https:\/\/mylabmixer.com\/en\/#website\"},\"datePublished\":\"2020-04-17T14:13:07+00:00\",\"dateModified\":\"2025-07-17T09:36:32+00:00\",\"breadcrumb\":{\"@id\":\"https:\/\/mylabmixer.com\/en\/legal-notice\/#breadcrumb\"},\"inLanguage\":\"en-US\",\"potentialAction\":[{\"@type\":\"ReadAction\",\"target\":[\"https:\/\/mylabmixer.com\/en\/legal-notice\/\"]}]},{\"@type\":\"BreadcrumbList\",\"@id\":\"https:\/\/mylabmixer.com\/en\/legal-notice\/#breadcrumb\",\"itemListElement\":[{\"@type\":\"ListItem\",\"position\":1,\"name\":\"Accueil\",\"item\":\"https:\/\/mylabmixer.com\/en\/\"},{\"@type\":\"ListItem\",\"position\":2,\"name\":\"LEGAL NOTICE\"}]},{\"@type\":\"WebSite\",\"@id\":\"https:\/\/mylabmixer.com\/en\/#website\",\"url\":\"https:\/\/mylabmixer.com\/en\/\",\"name\":\"MylabMIXER\",\"description\":\"by VMI\",\"publisher\":{\"@id\":\"https:\/\/mylabmixer.com\/en\/#organization\"},\"potentialAction\":[{\"@type\":\"SearchAction\",\"target\":{\"@type\":\"EntryPoint\",\"urlTemplate\":\"https:\/\/mylabmixer.com\/en\/?s={search_term_string}\"},\"query-input\":{\"@type\":\"PropertyValueSpecification\",\"valueRequired\":true,\"valueName\":\"search_term_string\"}}],\"inLanguage\":\"en-US\"},{\"@type\":\"Organization\",\"@id\":\"https:\/\/mylabmixer.com\/en\/#organization\",\"name\":\"MylabMIXER\",\"url\":\"https:\/\/mylabmixer.com\/en\/\",\"logo\":{\"@type\":\"ImageObject\",\"inLanguage\":\"en-US\",\"@id\":\"https:\/\/mylabmixer.com\/en\/#\/schema\/logo\/image\/\",\"url\":\"https:\/\/mylabmixer.com\/app\/uploads\/2025\/07\/logo-mlm-navy-5-scaled.png\",\"contentUrl\":\"https:\/\/mylabmixer.com\/app\/uploads\/2025\/07\/logo-mlm-navy-5-scaled.png\",\"width\":2560,\"height\":1156,\"caption\":\"MylabMIXER\"},\"image\":{\"@id\":\"https:\/\/mylabmixer.com\/en\/#\/schema\/logo\/image\/\"}}]}<\/script>\n<!-- \/ Yoast SEO plugin. -->","yoast_head_json":{"title":"LEGAL NOTICE - MylabMIXER","robots":{"index":"index","follow":"follow","max-snippet":"max-snippet:-1","max-image-preview":"max-image-preview:large","max-video-preview":"max-video-preview:-1"},"canonical":"https:\/\/mylabmixer.com\/en\/legal-notice\/","og_locale":"en_US","og_type":"article","og_title":"LEGAL NOTICE - MylabMIXER","og_description":"IDENTIFICATION OF THE COMPANY VMI Registered office: P.A. Les Marches de Bretagne \u2013 70 rue Anne de Bretagne, Saint-Hilaire-de-Loulay \u2013 85600 Montaigu-Vend\u00e9e &#8211; FranceTelephone&nbsp;: +33 (0)2 51 45 35 35 Legal status: SASCorporatate ID&nbsp;No.:&nbsp; 546 050 246 B La Roche-sur-YonAPE&nbsp;Code: 2893ZRegistered capital: \u20ac816 400Publishing Director: Olivier Guyon WEB DESIGN \/ DEVELOPMENT ADDICTIC\u00a0Raison sociale DG SUPPORT\u00a0Capital [&hellip;]","og_url":"https:\/\/mylabmixer.com\/en\/legal-notice\/","og_site_name":"MylabMIXER","article_modified_time":"2025-07-17T09:36:32+00:00","twitter_card":"summary_large_image","twitter_misc":{"Est. reading time":"6 minutes"},"schema":{"@context":"https:\/\/schema.org","@graph":[{"@type":"WebPage","@id":"https:\/\/mylabmixer.com\/en\/legal-notice\/","url":"https:\/\/mylabmixer.com\/en\/legal-notice\/","name":"LEGAL NOTICE - MylabMIXER","isPartOf":{"@id":"https:\/\/mylabmixer.com\/en\/#website"},"datePublished":"2020-04-17T14:13:07+00:00","dateModified":"2025-07-17T09:36:32+00:00","breadcrumb":{"@id":"https:\/\/mylabmixer.com\/en\/legal-notice\/#breadcrumb"},"inLanguage":"en-US","potentialAction":[{"@type":"ReadAction","target":["https:\/\/mylabmixer.com\/en\/legal-notice\/"]}]},{"@type":"BreadcrumbList","@id":"https:\/\/mylabmixer.com\/en\/legal-notice\/#breadcrumb","itemListElement":[{"@type":"ListItem","position":1,"name":"Accueil","item":"https:\/\/mylabmixer.com\/en\/"},{"@type":"ListItem","position":2,"name":"LEGAL NOTICE"}]},{"@type":"WebSite","@id":"https:\/\/mylabmixer.com\/en\/#website","url":"https:\/\/mylabmixer.com\/en\/","name":"MylabMIXER","description":"by VMI","publisher":{"@id":"https:\/\/mylabmixer.com\/en\/#organization"},"potentialAction":[{"@type":"SearchAction","target":{"@type":"EntryPoint","urlTemplate":"https:\/\/mylabmixer.com\/en\/?s={search_term_string}"},"query-input":{"@type":"PropertyValueSpecification","valueRequired":true,"valueName":"search_term_string"}}],"inLanguage":"en-US"},{"@type":"Organization","@id":"https:\/\/mylabmixer.com\/en\/#organization","name":"MylabMIXER","url":"https:\/\/mylabmixer.com\/en\/","logo":{"@type":"ImageObject","inLanguage":"en-US","@id":"https:\/\/mylabmixer.com\/en\/#\/schema\/logo\/image\/","url":"https:\/\/mylabmixer.com\/app\/uploads\/2025\/07\/logo-mlm-navy-5-scaled.png","contentUrl":"https:\/\/mylabmixer.com\/app\/uploads\/2025\/07\/logo-mlm-navy-5-scaled.png","width":2560,"height":1156,"caption":"MylabMIXER"},"image":{"@id":"https:\/\/mylabmixer.com\/en\/#\/schema\/logo\/image\/"}}]}},"_links":{"self":[{"href":"https:\/\/mylabmixer.com\/en\/wp-json\/wp\/v2\/pages\/490","targetHints":{"allow":["GET"]}}],"collection":[{"href":"https:\/\/mylabmixer.com\/en\/wp-json\/wp\/v2\/pages"}],"about":[{"href":"https:\/\/mylabmixer.com\/en\/wp-json\/wp\/v2\/types\/page"}],"author":[{"embeddable":true,"href":"https:\/\/mylabmixer.com\/en\/wp-json\/wp\/v2\/users\/1"}],"replies":[{"embeddable":true,"href":"https:\/\/mylabmixer.com\/en\/wp-json\/wp\/v2\/comments?post=490"}],"version-history":[{"count":5,"href":"https:\/\/mylabmixer.com\/en\/wp-json\/wp\/v2\/pages\/490\/revisions"}],"predecessor-version":[{"id":3216,"href":"https:\/\/mylabmixer.com\/en\/wp-json\/wp\/v2\/pages\/490\/revisions\/3216"}],"wp:attachment":[{"href":"https:\/\/mylabmixer.com\/en\/wp-json\/wp\/v2\/media?parent=490"}],"curies":[{"name":"wp","href":"https:\/\/api.w.org\/{rel}","templated":true}]}}